{"id":11,"date":"2026-03-24T18:17:00","date_gmt":"2026-03-24T18:17:00","guid":{"rendered":"https:\/\/wordpress.steveweb.site\/?page_id=11"},"modified":"2026-03-24T18:18:26","modified_gmt":"2026-03-24T18:18:26","slug":"welcome-to-the-pokecard-market","status":"publish","type":"page","link":"https:\/\/wordpress.steveweb.site\/","title":{"rendered":"Welcome to the Pok\u00e9Card Market"},"content":{"rendered":"<p>Welcome to the Pok\u00e9Card Market! Discover the latest prices and market trends for your favorite Pok\u00e9mon cards. From rare vintage holographic cards to the newest TCG sets, we have you covered.<\/p>\n","protected":false},"excerpt":{"rendered":"<p>Welcome to the Pok\u00e9Card Market! Discover the latest prices and market trends for your favorite Pok\u00e9mon cards. From rare vintage holographic cards to the newest TCG sets, we have you covered.<\/p>\n","protected":false},"author":0,"featured_media":0,"parent":0,"menu_order":0,"comment_status":"closed","ping_status":"closed","template":"","meta":{"footnotes":""},"class_list":["post-11","page","type-page","status-publish","hentry"],"_links":{"self":[{"href":"https:\/\/wordpress.steveweb.site\/index.php?rest_route=\/wp\/v2\/pages\/11","targetHints":{"allow":["GET"]}}],"collection":[{"href":"https:\/\/wordpress.steveweb.site\/index.php?rest_route=\/wp\/v2\/pages"}],"about":[{"href":"https:\/\/wordpress.steveweb.site\/index.php?rest_route=\/wp\/v2\/types\/page"}],"replies":[{"embeddable":true,"href":"https:\/\/wordpress.steveweb.site\/index.php?rest_route=%2Fwp%2Fv2%2Fcomments&post=11"}],"version-history":[{"count":1,"href":"https:\/\/wordpress.steveweb.site\/index.php?rest_route=\/wp\/v2\/pages\/11\/revisions"}],"predecessor-version":[{"id":12,"href":"https:\/\/wordpress.steveweb.site\/index.php?rest_route=\/wp\/v2\/pages\/11\/revisions\/12"}],"wp:attachment":[{"href":"https:\/\/wordpress.steveweb.site\/index.php?rest_route=%2Fwp%2Fv2%2Fmedia&parent=11"}],"curies":[{"name":"wp","href":"https:\/\/api.w.org\/{rel}","templated":true}]}}